{"id":598,"date":"2023-09-19T15:20:48","date_gmt":"2023-09-19T18:20:48","guid":{"rendered":"http:\/\/floricultura.chicoflores.com.br\/?page_id=598"},"modified":"2025-04-13T19:06:17","modified_gmt":"2025-04-13T22:06:17","slug":"sitiodosipes","status":"publish","type":"page","link":"https:\/\/floricultura.chicoflores.com.br\/index.php\/sitiodosipes\/","title":{"rendered":""},"content":{"rendered":"\n<p class=\"has-text-align-center\" style=\"font-size:31px\">O S\u00edtio dos Ip\u00eas<\/p>\n\n\n\n<div class=\"wp-block-media-text alignwide has-media-on-the-right is-stacked-on-mobile { text-align: center }\" style=\"grid-template-columns:auto 29%\"><figure class=\"wp-block-media-text__media\"><img loading=\"lazy\" decoding=\"async\" width=\"497\" height=\"533\" src=\"http:\/\/floricultura.chicoflores.com.br\/wp-content\/uploads\/2023\/10\/Lirio-CF-site-2.png\" alt=\"\" class=\"wp-image-869 size-full\" srcset=\"https:\/\/floricultura.chicoflores.com.br\/wp-content\/uploads\/2023\/10\/Lirio-CF-site-2.png 497w, https:\/\/floricultura.chicoflores.com.br\/wp-content\/uploads\/2023\/10\/Lirio-CF-site-2-280x300.png 280w, https:\/\/floricultura.chicoflores.com.br\/wp-content\/uploads\/2023\/10\/Lirio-CF-site-2-56x60.png 56w\" sizes=\"auto, (max-width: 497px) 100vw, 497px\" \/><\/figure><div class=\"wp-block-media-text__content\">\n<p class=\"has-text-align-center\" style=\"font-size:16px\">Atualmente nossa floricultura desenvolve a produ\u00e7\u00e3o, conserva\u00e7\u00e3o e comercializa\u00e7\u00e3o de suas cole\u00e7\u00f5es de plantas e flores no <strong>S\u00edtio dos Ip\u00eas<\/strong> &#8211; em conex\u00e3o amorosa com p\u00e1ssaros, borboletas e os muitos ip\u00eas da regi\u00e3o.<\/p>\n<\/div><\/div>\n\n\n\n<p class=\"has-text-align-center\" style=\"font-size:30px\">Circuito das Flores<\/p>\n\n\n\n<div class=\"wp-block-media-text alignwide is-stacked-on-mobile\" style=\"grid-template-columns:29% auto\"><figure class=\"wp-block-media-text__media\"><img loading=\"lazy\" decoding=\"async\" width=\"914\" height=\"900\" src=\"http:\/\/floricultura.chicoflores.com.br\/wp-content\/uploads\/2023\/10\/Rota.png\" alt=\"\" class=\"wp-image-865 size-full\" srcset=\"https:\/\/floricultura.chicoflores.com.br\/wp-content\/uploads\/2023\/10\/Rota.png 914w, https:\/\/floricultura.chicoflores.com.br\/wp-content\/uploads\/2023\/10\/Rota-300x295.png 300w, https:\/\/floricultura.chicoflores.com.br\/wp-content\/uploads\/2023\/10\/Rota-768x756.png 768w, https:\/\/floricultura.chicoflores.com.br\/wp-content\/uploads\/2023\/10\/Rota-61x60.png 61w\" sizes=\"auto, (max-width: 914px) 100vw, 914px\" \/><\/figure><div class=\"wp-block-media-text__content\">\n<p class=\"has-text-align-center\" style=\"font-size:16px\">Situado estrategicamente no <strong>Circuito das Flores<\/strong>, nosso s\u00edtio est\u00e1 pr\u00f3ximo \u00e0s cidades de Holambra e Jaguari\u00fana (maior polo floricultor do pa\u00eds); e assim, tamb\u00e9m conectado \u00e0s principais rodovias do Interior Paulista e Sul de Minas &#8211; regi\u00e3o onde atendemos, com exclusividade, nossos clientes.<\/p>\n<\/div><\/div>\n\n\n\n<p class=\"has-text-align-center\" style=\"font-size:30px\">Chico Flores<\/p>\n\n\n\n<div class=\"wp-block-media-text alignwide has-media-on-the-right is-stacked-on-mobile\" style=\"grid-template-columns:auto 29%\"><figure class=\"wp-block-media-text__media\"><img loading=\"lazy\" decoding=\"async\" width=\"1024\" height=\"1024\" src=\"https:\/\/floricultura.chicoflores.com.br\/wp-content\/uploads\/2025\/04\/Imagem-do-WhatsApp-de-2025-03-16-as-16.13.25_8eacd7be-1024x1024.jpg\" alt=\"\" class=\"wp-image-952 size-full\" srcset=\"https:\/\/floricultura.chicoflores.com.br\/wp-content\/uploads\/2025\/04\/Imagem-do-WhatsApp-de-2025-03-16-as-16.13.25_8eacd7be-1024x1024.jpg 1024w, https:\/\/floricultura.chicoflores.com.br\/wp-content\/uploads\/2025\/04\/Imagem-do-WhatsApp-de-2025-03-16-as-16.13.25_8eacd7be-300x300.jpg 300w, https:\/\/floricultura.chicoflores.com.br\/wp-content\/uploads\/2025\/04\/Imagem-do-WhatsApp-de-2025-03-16-as-16.13.25_8eacd7be-150x150.jpg 150w, https:\/\/floricultura.chicoflores.com.br\/wp-content\/uploads\/2025\/04\/Imagem-do-WhatsApp-de-2025-03-16-as-16.13.25_8eacd7be-768x768.jpg 768w, https:\/\/floricultura.chicoflores.com.br\/wp-content\/uploads\/2025\/04\/Imagem-do-WhatsApp-de-2025-03-16-as-16.13.25_8eacd7be-1536x1536.jpg 1536w, https:\/\/floricultura.chicoflores.com.br\/wp-content\/uploads\/2025\/04\/Imagem-do-WhatsApp-de-2025-03-16-as-16.13.25_8eacd7be-60x60.jpg 60w, https:\/\/floricultura.chicoflores.com.br\/wp-content\/uploads\/2025\/04\/Imagem-do-WhatsApp-de-2025-03-16-as-16.13.25_8eacd7be-800x800.jpg 800w, https:\/\/floricultura.chicoflores.com.br\/wp-content\/uploads\/2025\/04\/Imagem-do-WhatsApp-de-2025-03-16-as-16.13.25_8eacd7be.jpg 1600w\" sizes=\"auto, (max-width: 1024px) 100vw, 1024px\" \/><\/figure><div class=\"wp-block-media-text__content\">\n<p class=\"has-text-align-center\" style=\"font-size:16px\">Idealizador e o mais entusiasmado do S\u00edtio, <strong>Chico Flores<\/strong> \u00e9 Designer e Historiador da Arte. Quando menino, amava brincar nas montanhas do Sul de Minas &#8211; influ\u00eancia que o faria trocar, decididamente, bibliotecas e museus pelo universo m\u00e1gico das flores e plantas.<\/p>\n<\/div><\/div>\n\n\n\n<pre class=\"wp-block-verse has-text-align-center has-black-color has-white-background-color has-text-color has-background\" style=\"font-size:15px\"><em>\"O amor \u00e9 uma sementinha\n... se regar, floresce\"<\/em><\/pre>\n\n\n\n<p class=\"has-text-align-center\" style=\"font-size:11px\">S\u00edtio dos Ip\u00eas \u00a9<\/p>\n","protected":false},"excerpt":{"rendered":"<p>O S\u00edtio dos Ip\u00eas Atualmente nossa floricultura desenvolve a produ\u00e7\u00e3o, conserva\u00e7\u00e3o e comercializa\u00e7\u00e3o de suas cole\u00e7\u00f5es de plantas e flores no S\u00edtio dos Ip\u00eas &#8211; em conex\u00e3o amorosa com p\u00e1ssaros, borboletas e os muitos ip\u00eas da regi\u00e3o. Circuito das Flores Situado estrategicamente no Circuito das Flores, nosso s\u00edtio est\u00e1 pr\u00f3ximo \u00e0s cidades de Holambra e &hellip; <\/p>\n","protected":false},"author":1,"featured_media":0,"parent":0,"menu_order":0,"comment_status":"closed","ping_status":"closed","template":"","meta":{"om_disable_all_campaigns":false,"_monsterinsights_skip_tracking":false,"_monsterinsights_sitenote_active":false,"_monsterinsights_sitenote_note":"","_monsterinsights_sitenote_category":0,"footnotes":""},"class_list":["post-598","page","type-page","status-publish","hentry"],"aioseo_notices":[],"_links":{"self":[{"href":"https:\/\/floricultura.chicoflores.com.br\/index.php\/wp-json\/wp\/v2\/pages\/598","targetHints":{"allow":["GET"]}}],"collection":[{"href":"https:\/\/floricultura.chicoflores.com.br\/index.php\/wp-json\/wp\/v2\/pages"}],"about":[{"href":"https:\/\/floricultura.chicoflores.com.br\/index.php\/wp-json\/wp\/v2\/types\/page"}],"author":[{"embeddable":true,"href":"https:\/\/floricultura.chicoflores.com.br\/index.php\/wp-json\/wp\/v2\/users\/1"}],"replies":[{"embeddable":true,"href":"https:\/\/floricultura.chicoflores.com.br\/index.php\/wp-json\/wp\/v2\/comments?post=598"}],"version-history":[{"count":79,"href":"https:\/\/floricultura.chicoflores.com.br\/index.php\/wp-json\/wp\/v2\/pages\/598\/revisions"}],"predecessor-version":[{"id":953,"href":"https:\/\/floricultura.chicoflores.com.br\/index.php\/wp-json\/wp\/v2\/pages\/598\/revisions\/953"}],"wp:attachment":[{"href":"https:\/\/floricultura.chicoflores.com.br\/index.php\/wp-json\/wp\/v2\/media?parent=598"}],"curies":[{"name":"wp","href":"https:\/\/api.w.org\/{rel}","templated":true}]}}