{"id":678,"date":"2023-09-20T09:57:05","date_gmt":"2023-09-20T12:57:05","guid":{"rendered":"http:\/\/floricultura.chicoflores.com.br\/?page_id=678"},"modified":"2025-01-20T10:08:08","modified_gmt":"2025-01-20T13:08:08","slug":"contato","status":"publish","type":"page","link":"https:\/\/floricultura.chicoflores.com.br\/index.php\/contato\/","title":{"rendered":""},"content":{"rendered":"\n<p class=\"has-text-align-center\" style=\"font-size:31px\">Precisa falar com a gente?<\/p>\n\n\n\n<div class=\"wp-block-cover is-light\"><span aria-hidden=\"true\" class=\"has-background-dim-40 wp-block-cover__gradient-background has-background-dim\"><\/span><img loading=\"lazy\" decoding=\"async\" width=\"1024\" height=\"1024\" class=\"wp-block-cover__image-background wp-image-417\" alt=\"\" src=\"http:\/\/floricultura.chicoflores.com.br\/wp-content\/uploads\/2023\/09\/4.png\" style=\"object-position:52% 17%\" data-object-fit=\"cover\" data-object-position=\"52% 17%\" srcset=\"https:\/\/floricultura.chicoflores.com.br\/wp-content\/uploads\/2023\/09\/4.png 1024w, https:\/\/floricultura.chicoflores.com.br\/wp-content\/uploads\/2023\/09\/4-300x300.png 300w, https:\/\/floricultura.chicoflores.com.br\/wp-content\/uploads\/2023\/09\/4-150x150.png 150w, https:\/\/floricultura.chicoflores.com.br\/wp-content\/uploads\/2023\/09\/4-768x768.png 768w, https:\/\/floricultura.chicoflores.com.br\/wp-content\/uploads\/2023\/09\/4-60x60.png 60w, https:\/\/floricultura.chicoflores.com.br\/wp-content\/uploads\/2023\/09\/4-800x800.png 800w, https:\/\/floricultura.chicoflores.com.br\/wp-content\/uploads\/2023\/09\/4-540x540.png 540w\" sizes=\"auto, (max-width: 1024px) 100vw, 1024px\" \/><div class=\"wp-block-cover__inner-container is-layout-flow wp-block-cover-is-layout-flow\">\n<h2 class=\"has-text-align-center has-white-color has-text-color wp-block-heading\" style=\"font-size:30px\">Esclare\u00e7a suas D\u00favidas de modo f\u00e1cil, pelo WhatsApp.<\/h2>\n\n\n\n<div class=\"wp-block-buttons is-content-justification-center is-layout-flex wp-container-core-buttons-is-layout-16018d1d wp-block-buttons-is-layout-flex\">\n<div class=\"wp-block-button\"><a class=\"wp-block-button__link has-white-color has-vivid-green-cyan-background-color has-text-color has-background\" href=\"https:\/\/api.whatsapp.com\/send?phone=5519983907143&amp;text=Ol%C3%A1!%20Preciso%20de%20uma%20informa%C3%A7%C3%A3o...\" target=\"_blank\" rel=\"noreferrer noopener\"><strong>D\u00favidas?<\/strong><\/a><\/div>\n<\/div>\n\n\n\n<p class=\"has-text-align-center has-white-color has-text-color\">Conte com nossa equipe, sempre que precisar!<\/p>\n<\/div><\/div>\n\n\n\n<p class=\"has-text-align-center\" style=\"font-size:11px\">S\u00edtio dos Ip\u00eas \u00a9<\/p>\n","protected":false},"excerpt":{"rendered":"<p>Precisa falar com a gente? S\u00edtio dos Ip\u00eas \u00a9<\/p>\n","protected":false},"author":1,"featured_media":0,"parent":0,"menu_order":0,"comment_status":"closed","ping_status":"closed","template":"","meta":{"om_disable_all_campaigns":false,"_monsterinsights_skip_tracking":false,"_monsterinsights_sitenote_active":false,"_monsterinsights_sitenote_note":"","_monsterinsights_sitenote_category":0,"footnotes":""},"class_list":["post-678","page","type-page","status-publish","hentry"],"aioseo_notices":[],"_links":{"self":[{"href":"https:\/\/floricultura.chicoflores.com.br\/index.php\/wp-json\/wp\/v2\/pages\/678","targetHints":{"allow":["GET"]}}],"collection":[{"href":"https:\/\/floricultura.chicoflores.com.br\/index.php\/wp-json\/wp\/v2\/pages"}],"about":[{"href":"https:\/\/floricultura.chicoflores.com.br\/index.php\/wp-json\/wp\/v2\/types\/page"}],"author":[{"embeddable":true,"href":"https:\/\/floricultura.chicoflores.com.br\/index.php\/wp-json\/wp\/v2\/users\/1"}],"replies":[{"embeddable":true,"href":"https:\/\/floricultura.chicoflores.com.br\/index.php\/wp-json\/wp\/v2\/comments?post=678"}],"version-history":[{"count":15,"href":"https:\/\/floricultura.chicoflores.com.br\/index.php\/wp-json\/wp\/v2\/pages\/678\/revisions"}],"predecessor-version":[{"id":950,"href":"https:\/\/floricultura.chicoflores.com.br\/index.php\/wp-json\/wp\/v2\/pages\/678\/revisions\/950"}],"wp:attachment":[{"href":"https:\/\/floricultura.chicoflores.com.br\/index.php\/wp-json\/wp\/v2\/media?parent=678"}],"curies":[{"name":"wp","href":"https:\/\/api.w.org\/{rel}","templated":true}]}}